{"id":223,"date":"2022-02-19T11:22:16","date_gmt":"2022-02-19T10:22:16","guid":{"rendered":"https:\/\/vermessung-offenbach.de\/web\/?page_id=223"},"modified":"2024-06-18T09:49:28","modified_gmt":"2024-06-18T07:49:28","slug":"impressum","status":"publish","type":"page","link":"https:\/\/vermessung-offenbach.de\/web\/impressum\/","title":{"rendered":"Impressum"},"content":{"rendered":"\n<div id=\"section-gc5ce38\" class=\"wp-block-gutentor-e6 section-gc5ce38 gutentor-element gutentor-element-image\"><div class=\"gutentor-element-image-box\"><div class=\"gutentor-bg-image\"><\/div><\/div><\/div>\n\n\n\n<section id=\"gm8e40460\" class=\"wp-block-gutentor-m4 section-gm8e40460 gutentor-module gutentor-advanced-columns has-image-bg has-custom-bg\"><div class=\"grid-container\"><div class=\"grid-row\">\n<div id=\"col-gm0d19f4\" class=\"wp-block-gutentor-m4-col col-gm0d19f4 gutentor-single-column  grid-lg-12 grid-md-12 grid-12\"><div id=\"section-gm0d19f4\" class=\"section-gm0d19f4 gutentor-col-wrap\">\n<div id=\"section-g543b92\" class=\"wp-block-gutentor-e1 section-g543b92 gutentor-element gutentor-element-advanced-text\"><div class=\"gutentor-text-wrap\"><h2 class=\"gutentor-text\">Impressum<\/h2><\/div><\/div>\n\n\n\n<div id=\"section-ga1a299\" class=\"wp-block-gutentor-e1 section-ga1a299 gutentor-element gutentor-element-advanced-text\"><div class=\"gutentor-text-wrap\"><p class=\"gutentor-text\"><strong>Angaben gem\u00e4\u00df<\/strong> <strong>\u00a7 5 DDG<\/strong><br>\u00a0<br>Vermessungsb\u00fcro Dipl.-Ing. Marco R\u00f6sche<br>Marie-Jahoda-Stra\u00dfe 3<br>63110 Rodgau<br><br><strong>Vertreten durch:<\/strong><br>Marco R\u00f6sche<br>Tel.: 06106\/18910-0<br>E-Mail: <a href=\"mailto:info@vermessung-offenbach.de\">info@vermessung-offenbach.de<\/a><\/p><\/div><\/div>\n<\/div><\/div>\n<\/div><\/div><\/section>\n\n\n\n<section id=\"gm016a50e\" class=\"wp-block-gutentor-m4 section-gm016a50e gutentor-module gutentor-advanced-columns\"><div class=\"grid-container\"><div class=\"grid-row\">\n<div id=\"col-gmb4c1d9\" class=\"wp-block-gutentor-m4-col col-gmb4c1d9 gutentor-single-column  grid-lg-12 grid-md-12 grid-12\"><div id=\"section-gmb4c1d9\" class=\"section-gmb4c1d9 gutentor-col-wrap\">\n<div id=\"section-gb7ff3a\" class=\"wp-block-gutentor-e1 section-gb7ff3a gutentor-element gutentor-element-advanced-text enable-title-design\"><div class=\"gutentor-text-wrap divider-top\"><div class=\"gutentor-separator gutentor-separator-before\"><span><\/span><\/div><p class=\"gutentor-text\"><strong>Umsatzsteueridentifikationsnummer nach \u00a7 27a des Umsatzsteuergesetzes<\/strong><br>Umsatzidentifikationsnummer: DE349157336<br><br><strong>Aufsichtsbeh\u00f6rde<\/strong>\u00a0<br><strong>Hoheitliche Vermessung:<\/strong><br>Hessisches Landesamt f\u00fcr Bodenmanagement und Geoinformation<br>Schaperstra\u00dfe 16<br>65195 Wiesbaden<br><br><strong>Ingenieurvermessung:<\/strong><br>Ingenieurkammer Hessen<br>Abraham-Lincoln-Stra\u00dfe 44<br>65189 Wiesbaden<br><br><strong>Mitgliedschaften<\/strong>\u00a0<br>Mitglied im\u00a0BDVI &#8211; Bund der \u00d6ffentlich bestellten Vermessungsingenieure<br>Mitglied im DVW e.V. &#8211; Gesellschaft f\u00fcr Geod\u00e4sie, Geoinformation und Landmanagement<br><br><strong>Es gelten folgende berufsrechtliche Regelungen:<\/strong><br>Hessisches Gesetz \u00fcber das \u00f6ffentliche Vermessungs- und Geoinformationswesen (Hessisches Vermessungs- und Geoinformationsgesetz &#8211; HVGG -) vom 6. September 2007 (GVBI. I S. 548), zuletzt ge\u00e4ndert durch Artikel 14 des Gesetzes vom 27. September 2012 (GVBI. S. 602)<br><br>Hessisches Gesetz \u00fcber die \u00d6ffentlich bestellten Vermessungsingenieurinnen und Vermessungsingenieure (H\u00d6bVIngG) vom 6. Oktober 2010)<br><br>Ausf\u00fchrungsverordnung zum Hessischen Gesetz \u00fcber die \u00d6ffentlich bestellten Vermessungsingenieurinnen und Vermessungsingenieure (\u00d6BVermIngV HE) vom 01.01.2011<br><br><strong>Haftungs- und Schutzrechtshinweise<\/strong><br><br>Haftungsausschluss: Die Inhalte dieses Onlineangebotes wurden sorgf\u00e4ltig und nach unserem aktuellen Kenntnisstand erstellt, dienen jedoch nur der Information und entfalten keine rechtlich bindende Wirkung, sofern es sich nicht um gesetzlich verpflichtende Informationen (z.\u00a0B. das Impressum, die Datenschutzerkl\u00e4rung, AGB oder verpflichtende Belehrungen von Verbrauchern) handelt. Wir behalten uns vor, die Inhalte vollst\u00e4ndig oder teilweise zu \u00e4ndern oder zu l\u00f6schen, soweit vertragliche Verpflichtungen unber\u00fchrt bleiben. Alle Angebote sind freibleibend und unverbindlich.<br><br>Links auf fremde Webseiten: Die Inhalte fremder Webseiten, auf die wir direkt oder indirekt verweisen, liegen au\u00dferhalb unseres Verantwortungsbereiches und wir machen sie uns nicht zu Eigen. F\u00fcr alle Inhalte und Nachteile, die aus der Nutzung der in den verlinkten Webseiten aufrufbaren Informationen entstehen, \u00fcbernehmen wir keine Verantwortung.<br><br>Urheberrechte und Markenrechte: Alle auf dieser Website dargestellten Inhalte, wie Texte, Fotografien, Grafiken, Marken und Warenzeichen sind durch die jeweiligen Schutzrechte (Urheberrechte, Markenrechte) gesch\u00fctzt. Die Verwendung, Vervielf\u00e4ltigung usw. unterliegen unseren Rechten oder den Rechten der jeweiligen Urheber bzw. Rechteinhaber.<br><br>Hinweise auf Rechtsverst\u00f6\u00dfe: Sollten Sie innerhalb unseres Internetauftritts Rechtsverst\u00f6\u00dfe bemerken, bitten wir Sie uns auf diese hinzuweisen. Wir werden rechtswidrige Inhalte und Links nach Kenntnisnahme unverz\u00fcglich entfernen.<\/p><\/div><\/div>\n<\/div><\/div>\n<\/div><\/div><\/section>\n","protected":false},"excerpt":{"rendered":"","protected":false},"author":1,"featured_media":0,"parent":0,"menu_order":0,"comment_status":"closed","ping_status":"closed","template":"template-gutentor-full-width.php","meta":{"footnotes":""},"class_list":["post-223","page","type-page","status-publish","hentry"],"_links":{"self":[{"href":"https:\/\/vermessung-offenbach.de\/web\/wp-json\/wp\/v2\/pages\/223","targetHints":{"allow":["GET"]}}],"collection":[{"href":"https:\/\/vermessung-offenbach.de\/web\/wp-json\/wp\/v2\/pages"}],"about":[{"href":"https:\/\/vermessung-offenbach.de\/web\/wp-json\/wp\/v2\/types\/page"}],"author":[{"embeddable":true,"href":"https:\/\/vermessung-offenbach.de\/web\/wp-json\/wp\/v2\/users\/1"}],"replies":[{"embeddable":true,"href":"https:\/\/vermessung-offenbach.de\/web\/wp-json\/wp\/v2\/comments?post=223"}],"version-history":[{"count":15,"href":"https:\/\/vermessung-offenbach.de\/web\/wp-json\/wp\/v2\/pages\/223\/revisions"}],"predecessor-version":[{"id":521,"href":"https:\/\/vermessung-offenbach.de\/web\/wp-json\/wp\/v2\/pages\/223\/revisions\/521"}],"wp:attachment":[{"href":"https:\/\/vermessung-offenbach.de\/web\/wp-json\/wp\/v2\/media?parent=223"}],"curies":[{"name":"wp","href":"https:\/\/api.w.org\/{rel}","templated":true}]}}