{"id":52,"date":"2019-10-31T07:46:42","date_gmt":"2019-10-31T07:46:42","guid":{"rendered":"https:\/\/www.demo.cosmoswp.com\/demo-9\/?page_id=4"},"modified":"2026-02-09T18:53:53","modified_gmt":"2026-02-09T17:53:53","slug":"home","status":"publish","type":"page","link":"https:\/\/vermessung-offenbach.de\/web\/","title":{"rendered":"Home"},"content":{"rendered":"\n<section id=\"section-79a79c26-f3cb-4445-91d3-357869cc88ab\" class=\"wp-block-gutentor-image-slider gutentor-section gutentor-image-slider imageSlider-template1 text-left\"><div class=\"gutentor-grid-item-wrap\"><div class=\"gutentor-slider-wrapper\" data-dots=\"true\" data-arrows=\"false\" data-infinite=\"true\" data-nextarrow=\"fas fa-angle-right\" data-prevarrow=\"fas fa-angle-left\" data-autoplay=\"true\" data-autoplayspeed=\"5000\" data-fade=\"true\" data-speed=\"2000\"><div class=\"gutentor-slider-item\"><div class=\"gutentor-single-item gutentor-single-item-0\"><div class=\"gutentor-single-item-wrap\"><div class=\"gutentor-single-item-image-box\"><div class=\"gutentor-bg-image\"><div class=\"overlay\"><\/div><\/div><\/div><div class=\"gutentor-single-item-content\"><div class=\"grid-container\"><div class=\"slider-caption text-left\"><h3 class=\"gutentor-single-item-title\">Moderne Vermessungstechnik<\/h3><p class=\"gutentor-single-item-desc\">Wir vermessen, \u00fcberwachen und dokumentieren Ihre Bauprojekte<\/p><\/div><\/div><\/div><\/div><\/div><\/div><div class=\"gutentor-slider-item\"><div class=\"gutentor-single-item gutentor-single-item-1\"><div class=\"gutentor-single-item-wrap\"><div class=\"gutentor-single-item-image-box\"><div class=\"gutentor-bg-image\"><div class=\"overlay\"><\/div><\/div><\/div><div class=\"gutentor-single-item-content\"><div class=\"grid-container\"><div class=\"slider-caption text-left\"><h3 class=\"gutentor-single-item-title\">Wir nehmen es genau<\/h3><p class=\"gutentor-single-item-desc\">Wir sind sowohl f\u00fcr private als auch gewerbliche Kunden durch ein breites Leistungsspektrum und qualifizierte Mitarbeiter ein kompetenter Ansprechpartner in nahezu allen Bereichen der Vermessung<\/p><\/div><\/div><\/div><\/div><\/div><\/div><div class=\"gutentor-slider-item\"><div class=\"gutentor-single-item gutentor-single-item-2\"><div class=\"gutentor-single-item-wrap\"><div class=\"gutentor-single-item-image-box\"><div class=\"gutentor-bg-image\"><div class=\"overlay\"><\/div><\/div><\/div><div class=\"gutentor-single-item-content\"><div class=\"grid-container\"><div class=\"slider-caption text-left\"><h3 class=\"gutentor-single-item-title\">ERFAHRUNG, KOMPETENZ, GENAUIGKEIT<\/h3><p class=\"gutentor-single-item-desc\">Wir beraten Sie gerne in allen vermessungstechnischen Fragen<\/p><\/div><\/div><\/div><\/div><\/div><\/div><\/div><\/div><\/section>\n\n\n\n<section id=\"gm1e540ab\" class=\"wp-block-gutentor-m4 section-gm1e540ab gutentor-module gutentor-advanced-columns has-image-bg has-custom-bg\"><div class=\"grid-container\"><div class=\"grid-row\">\n<div id=\"col-gm894c87\" class=\"wp-block-gutentor-m4-col col-gm894c87 gutentor-single-column  grid-lg-12 grid-md-12 grid-12\"><div id=\"section-gm894c87\" class=\"section-gm894c87 gutentor-col-wrap\">\n<div id=\"section-gfb54c6\" class=\"wp-block-gutentor-e1 section-gfb54c6 gutentor-element gutentor-element-advanced-text text-align-center-desktop\"><div class=\"gutentor-text-wrap\"><h2 class=\"gutentor-text\">Willkommen beim Vermessungsb\u00fcro R\u00f6sche<\/h2><\/div><\/div>\n\n\n\n<section id=\"g-e07es11\" class=\"wp-block-gutentor-m4 section-g-e07es11 gutentor-module gutentor-advanced-columns\"><div class=\"grid-container\"><div class=\"grid-row\">\n<div id=\"col-g-et61f1g\" class=\"wp-block-gutentor-m4-col col-g-et61f1g gutentor-single-column  grid-lg-12 grid-md-12 grid-12\"><div id=\"section-g-et61f1g\" class=\"section-g-et61f1g gutentor-col-wrap\"><\/div><\/div>\n<\/div><\/div><\/section>\n\n\n\n<div id=\"section-ga85ae8\" class=\"wp-block-gutentor-e1 section-ga85ae8 gutentor-element gutentor-element-advanced-text text-align-center-desktop\"><div class=\"gutentor-text-wrap\"><p class=\"gutentor-text\"><br>Egal, ob kleines Bauvorhaben oder Gro\u00dfprojekt &#8211; wir nehmen f\u00fcr Sie Ma\u00df.<\/p><\/div><\/div>\n<\/div><\/div>\n<\/div><\/div><\/section>\n\n\n\n<section id=\"section-7b5c0c35-c099-4616-babe-b271b532a4c0\" class=\"wp-block-gutentor-image-box gutentor-section gutentor-image-wrapper imagebox-template1\"><div class=\"grid-container\"><div class=\"grid-row gutentor-grid-item-wrap\"><div class=\"gutentor-grid-column grid-lg-4 grid-md-4 grid-12\"><div class=\"gutentor-single-item gutentor-image gutentor-single-item-0\"><div class=\"gutentor-single-item-wrap\"><div class=\"gutentor-single-item-image-box\"><div class=\"gutentor-image-thumb\"><img loading=\"lazy\" decoding=\"async\" class=\"normal-image\" src=\"https:\/\/vermessung-offenbach.de\/web\/wp-content\/uploads\/2022\/02\/planung.jpg\" alt=\"\" height=\"400\" width=\"600\" \/><\/div><\/div><div class=\"gutentor-single-item-content\"><h4 class=\"gutentor-single-item-title\"><strong>Entwurfsvermessung<\/strong><\/h4><p class=\"gutentor-single-item-desc\">Erheben von Grundlagendaten durch eigene Messungen und \u00dcbernahme fremder Unterlagen f\u00fcr die Planung von Geb\u00e4uden, Ingenieurbauwerken und Verkehrsanlagen<\/p><\/div><\/div><\/div><\/div><div class=\"gutentor-grid-column grid-lg-4 grid-md-4 grid-12\"><div class=\"gutentor-single-item gutentor-image gutentor-single-item-1\"><div class=\"gutentor-single-item-wrap\"><div class=\"gutentor-single-item-image-box\"><div class=\"gutentor-image-thumb\"><img loading=\"lazy\" decoding=\"async\" class=\"normal-image\" src=\"https:\/\/vermessung-offenbach.de\/web\/wp-content\/uploads\/2022\/02\/entwurfsvermessung.jpg\" alt=\"\" height=\"400\" width=\"600\" \/><\/div><\/div><div class=\"gutentor-single-item-content\"><h4 class=\"gutentor-single-item-title\"><strong>Bauvermessung<\/strong><\/h4><p class=\"gutentor-single-item-desc\">Absteckung des genehmigten Bauvorhabens nach Lage und H\u00f6he, Absteckungsbescheinigungen nach HBO; Baubegleitende und -\u00fcberwachende Vermessungsarbeiten <\/p><\/div><\/div><\/div><\/div><div class=\"gutentor-grid-column grid-lg-4 grid-md-4 grid-12\"><div class=\"gutentor-single-item gutentor-image gutentor-single-item-2\"><div class=\"gutentor-single-item-wrap\"><div class=\"gutentor-single-item-image-box\"><div class=\"gutentor-image-thumb\"><img loading=\"lazy\" decoding=\"async\" class=\"normal-image\" src=\"https:\/\/vermessung-offenbach.de\/web\/wp-content\/uploads\/2022\/02\/geoinfo.jpg\" alt=\"\" height=\"400\" width=\"600\" \/><\/div><\/div><div class=\"gutentor-single-item-content\"><h4 class=\"gutentor-single-item-title\"><strong>Geoinformationssysteme<\/strong><\/h4><p class=\"gutentor-single-item-desc\">Erheben von Daten durch eigene Messungen und \u00dcbernahme fremder Unterlagen f\u00fcr GIS und Facility Management &#8211; Verkehrsanlagen, Leitungskataster, Geb\u00e4ude<\/p><\/div><\/div><\/div><\/div><div class=\"gutentor-grid-column grid-lg-4 grid-md-4 grid-12\"><div class=\"gutentor-single-item gutentor-image gutentor-single-item-3\"><div class=\"gutentor-single-item-wrap\"><div class=\"gutentor-single-item-image-box\"><div class=\"gutentor-image-thumb\"><img loading=\"lazy\" decoding=\"async\" class=\"normal-image\" src=\"https:\/\/vermessung-offenbach.de\/web\/wp-content\/uploads\/2022\/03\/gebaeudevermessung.jpg\" alt=\"\" height=\"400\" width=\"600\" \/><\/div><\/div><div class=\"gutentor-single-item-content\"><h4 class=\"gutentor-single-item-title\"><strong>Geb\u00e4udevermessung<\/strong><\/h4><p class=\"gutentor-single-item-desc\">Wohn- und Mietfl\u00e4chenermittlung, Anfertigen von Grundrisspl\u00e4nen, Ansichten und Schnitten nach \u00f6rtlichem Aufma\u00df<\/p><\/div><\/div><\/div><\/div><div class=\"gutentor-grid-column grid-lg-4 grid-md-4 grid-12\"><div class=\"gutentor-single-item gutentor-image gutentor-single-item-4\"><div class=\"gutentor-single-item-wrap\"><div class=\"gutentor-single-item-image-box\"><div class=\"gutentor-image-thumb\"><img loading=\"lazy\" decoding=\"async\" class=\"normal-image\" src=\"https:\/\/vermessung-offenbach.de\/web\/wp-content\/uploads\/2022\/03\/hoheitliche-vermessung.jpg\" alt=\"\" height=\"400\" width=\"600\" \/><\/div><\/div><div class=\"gutentor-single-item-content\"><h4 class=\"gutentor-single-item-title\"><strong>Hoheitliche Vermessung<\/strong><\/h4><p class=\"gutentor-single-item-desc\">Grundst\u00fcckszerlegungen, Grenzfeststellungen, Geb\u00e4udeeinmessungen, Bodenordnungsverfahren<\/p><\/div><\/div><\/div><\/div><div class=\"gutentor-grid-column grid-lg-4 grid-md-4 grid-12\"><div class=\"gutentor-single-item gutentor-image gutentor-single-item-5\"><div class=\"gutentor-single-item-wrap\"><div class=\"gutentor-single-item-image-box\"><div class=\"gutentor-image-thumb\"><img loading=\"lazy\" decoding=\"async\" class=\"normal-image\" src=\"https:\/\/vermessung-offenbach.de\/web\/wp-content\/uploads\/2022\/03\/gutachten.jpg\" alt=\"\" height=\"400\" width=\"600\" \/><\/div><\/div><div class=\"gutentor-single-item-content\"><h4 class=\"gutentor-single-item-title\"><strong>Gutachtenerstellung<\/strong><\/h4><p class=\"gutentor-single-item-desc\">Markt- und Beleihungswertermittlung von bebauten und unbebauten Grundst\u00fccken f\u00fcr Privatpersonen, Gerichte und Kreditinstitute<\/p><\/div><\/div><\/div><\/div><\/div><\/div><\/section>\n\n\n\n<section id=\"gma79a350\" class=\"wp-block-gutentor-m4 section-gma79a350 gutentor-module gutentor-advanced-columns\"><div class=\"grid-container\"><div class=\"grid-row\">\n<div id=\"col-gm7d15ce\" class=\"wp-block-gutentor-m4-col col-gm7d15ce gutentor-single-column  grid-lg-12 grid-md-12 grid-12\"><div id=\"section-gm7d15ce\" class=\"section-gm7d15ce gutentor-col-wrap\">\n<div id=\"section-g764988\" class=\"wp-block-gutentor-e1 section-g764988 gutentor-element gutentor-element-advanced-text text-align-center-desktop\"><div class=\"gutentor-text-wrap\"><h2 class=\"gutentor-text\">UNSER LEITBILD<\/h2><\/div><\/div>\n\n\n\n<div id=\"section-g14209e\" class=\"wp-block-gutentor-e1 section-g14209e gutentor-element gutentor-element-advanced-text text-align-center-desktop\"><div class=\"gutentor-text-wrap\"><p class=\"gutentor-text\">Ausgehend von den in der Besprechung mit dem Auftraggeber festgelegten Zielvorstellungen, arbeitet unser Vermessungsb\u00fcro an einer ganzheitlichen Erfassung, Darstellung und Beurteilung von Situationen im Bestand und der Projektierung.&nbsp;<\/p><\/div><\/div>\n<\/div><\/div>\n<\/div><\/div><\/section>\n","protected":false},"excerpt":{"rendered":"","protected":false},"author":1,"featured_media":0,"parent":0,"menu_order":0,"comment_status":"closed","ping_status":"closed","template":"template-gutentor-full-width.php","meta":{"footnotes":""},"class_list":["post-52","page","type-page","status-publish","hentry"],"_links":{"self":[{"href":"https:\/\/vermessung-offenbach.de\/web\/wp-json\/wp\/v2\/pages\/52","targetHints":{"allow":["GET"]}}],"collection":[{"href":"https:\/\/vermessung-offenbach.de\/web\/wp-json\/wp\/v2\/pages"}],"about":[{"href":"https:\/\/vermessung-offenbach.de\/web\/wp-json\/wp\/v2\/types\/page"}],"author":[{"embeddable":true,"href":"https:\/\/vermessung-offenbach.de\/web\/wp-json\/wp\/v2\/users\/1"}],"replies":[{"embeddable":true,"href":"https:\/\/vermessung-offenbach.de\/web\/wp-json\/wp\/v2\/comments?post=52"}],"version-history":[{"count":56,"href":"https:\/\/vermessung-offenbach.de\/web\/wp-json\/wp\/v2\/pages\/52\/revisions"}],"predecessor-version":[{"id":631,"href":"https:\/\/vermessung-offenbach.de\/web\/wp-json\/wp\/v2\/pages\/52\/revisions\/631"}],"wp:attachment":[{"href":"https:\/\/vermessung-offenbach.de\/web\/wp-json\/wp\/v2\/media?parent=52"}],"curies":[{"name":"wp","href":"https:\/\/api.w.org\/{rel}","templated":true}]}}